	{"id":109,"date":"2023-10-21T09:26:49","date_gmt":"2023-10-21T09:26:49","guid":{"rendered":"https:\/\/irscl2025salamanca.usal.es\/?page_id=109"},"modified":"2025-06-03T12:21:48","modified_gmt":"2025-06-03T12:21:48","slug":"call-for-papers","status":"publish","type":"page","link":"https:\/\/irscl2025salamanca.usal.es\/es\/call-for-papers\/","title":{"rendered":"ENV\u00cdO DE PROPUESTAS"},"content":{"rendered":"<strong>MODALIDADES DE PARTICIPACI\u00d3N<\/strong><\/p>\n<p><strong>Todas las contribuciones pueden estar en<span style=\"color: #ff0000;\"> ingl\u00e9s<\/span> o en <span style=\"color: #ff0000;\">espa\u00f1ol<\/span>.<\/strong><\/p>\n<p><strong>Aqu\u00ed tienes nuestras <a href=\"https:\/\/irscl2025salamanca.usal.es\/guidelines-for-presenters\/\">pautas de accesibilidad<\/a> para ponentes y asistentes.<\/strong><\/p>\n<p><strong>Comunicaci\u00f3n:<\/strong> Para participantes que desean presentan su trabajo en persona en comunicaciones de 20 minutos, con tiempo para preguntas y debate.<\/p>\n<p><strong>P\u00f3ster virtual:<\/strong> La opci\u00f3n ideal para participantes que no van a presentar su trabajo en persona. Una vez aceptada la propuesta, es necesario subir el p\u00f3ster (en pdf) y un breve v\u00eddeo de presentaci\u00f3n (5 minutos), que se mostrar\u00e1n en la galer\u00eda virtual del congreso del 21 al 25 de junio. Los asistentes podr\u00e1n ver el trabajo y la presentaci\u00f3n grabada, interactuar con comentarios o preguntas a trav\u00e9s de un chat as\u00edncrono, y votar para elegir el Mejor P\u00f3ster del Congreso.<\/p>\n<p><strong>Evento especial:<\/strong> Los eventos especiales incluyen cualquier otro tipo de actividad relevante para el tema del congreso y para la IRSCL. Algunos ejemplos pueden ser exposiciones, presentaciones de libros, actividades de cuentacuentos, representaciones art\u00edsticas, mesas redondas, o actividades de puesta en contacto, entre otros.<\/p>\n<p><strong>Panel tem\u00e1tico:<\/strong> Es posible incluir un panel con varias presentaciones (de 20 minutos cada una) en torno a un tema relevante. Para ello, la persona que coordinar\u00e1 el panel debe enviar un mensaje de correo a <a href=\"mailto:irscl2025@usal.es\">irscl2025@usal.es<\/a> <strong>antes del 30 de junio<\/strong> detallando el t\u00edtulo del panel, una peque\u00f1a descripci\u00f3n y el nombre de los participantes.\u00a0<strong>Si alguien no ha podido enviar su propuesta a tiempo y todav\u00eda tiene inter\u00e9s en hacerlo, a\u00fan es posible aceptar paneles. Por favor, enviar la propuesta a <a href=\"mailto:irscl2025@usal.es\">irscl2025@usal.es<\/a> antes del <del>15 de septiembre<\/del> <span style=\"color: #ff0000;\">fecha extendida al 30 de septiembre.<\/span><\/strong><\/p>\n<p><strong style=\"font-size: 15px;\">ENV\u00cdO DE PROPUESTAS<\/strong><\/p>\n<p>Para las <strong>propuestas de comunicaci\u00f3n<\/strong> y <strong>p\u00f3ster<\/strong> es necesario enviar un resumen con una extensi\u00f3n m\u00e1xima de 250 palabras. Para proponer un <strong>evento especial<\/strong>, se debe enviar un resumen que incluya una descripci\u00f3n de la actividad, los materiales necesarios (y qui\u00e9n los proporcionar\u00e1), el espacio necesario estimado, la duraci\u00f3n del evento y el p\u00fablico al que est\u00e1 destinado. <strong>Los res\u00famenes deben enviarse en ingl\u00e9s o espa\u00f1ol <\/strong>a trav\u00e9s de la plataforma Oxford Abstracts <strong>del 15 de mayo<\/strong> al\u00a0<strong><del>15 de septiembre<\/del> <span style=\"color: #ff0000;\">fecha extendida al 30 de septiembre.<\/span><\/strong><\/p>\n<p>&nbsp;<\/p>\n<p><a href=\"https:\/\/auth.oxfordabstracts.com\/?redirect=\/stages\/54513\/submitter\" target=\"_blank\" rel=\"noopener\"><img loading=\"lazy\" decoding=\"async\" class=\"alignnone wp-image-319\" src=\"https:\/\/irscl2025salamanca.usal.es\/wp-content\/uploads\/sites\/125\/2024\/05\/Propuestas.png\" alt=\"\" width=\"179\" height=\"34\" \/><\/a><\/p>\n<p>&nbsp;<\/p>\n<p><strong>FECHAS IMPORTANTES<\/strong><\/p>\n<p>&#8211;<strong> Del 15 de mayo al <del>15 de septiembre<\/del>\u00a0<span style=\"color: #ff0000;\">fecha extendida al 30 de septiembre de 2024<\/span>:<\/strong> Periodo de presentaci\u00f3n de propuestas individuales, paneles tem\u00e1ticos y eventos especiales.<br \/>\n<strong>&#8211; Diciembre de 2024:<\/strong> Comunicaci\u00f3n de aceptaci\u00f3n\/rechazo de propuestas.<br \/>\n<strong>&#8211; Congreso: Del 21 al 25 de junio de 2025<\/strong><\/p>\n<p>&nbsp;<\/p>\n<p><strong>DESCARGAR CALL FOR PAPERS IRSCL 2025<\/strong><\/p>\n<p><a href=\"https:\/\/irscl2025salamanca.usal.es\/wp-content\/uploads\/sites\/125\/2024\/05\/ENVIO_DE_PROPUESTAS_-2025_IRSCL_Abierto_15_Mayo_15_Septiembre_2024.pdf\" target=\"_blank\" rel=\"noopener\">\u00a0<img loading=\"lazy\" decoding=\"async\" class=\"alignnone wp-image-318\" src=\"https:\/\/irscl2025salamanca.usal.es\/wp-content\/uploads\/sites\/125\/2024\/05\/descargas.png\" alt=\"\" width=\"173\" height=\"33\" \/><\/a><\/p>\n<p><object style=\"width: 800px; height: 1000px; border: 1px solid black;\" data=\"https:\/\/irscl2025salamanca.usal.es\/wp-content\/uploads\/sites\/125\/2024\/05\/ENVIO_DE_PROPUESTAS_-2025_IRSCL_Abierto_15_Mayo_15_Septiembre_2024.pdf?#zoom=85&amp;scrollbar=0&amp;toolbar=0&amp;navpanes=0\" type=\"application\/pdf\" width=\"300\" height=\"150\"><span data-mce-type=\"bookmark\" style=\"display: inline-block; width: 0px; overflow: hidden; line-height: 0;\" class=\"mce_SELRES_start\">\ufeff<\/span><embed src=\"https:\/\/irscl2025salamanca.usal.es\/wp-content\/uploads\/sites\/125\/2024\/05\/ENVIO_DE_PROPUESTAS_-2025_IRSCL_Abierto_15_Mayo_15_Septiembre_2024.pdf?#zoom=85&amp;scrollbar=0&amp;toolbar=0&amp;navpanes=0\" type=\"application\/pdf\" \/><\/object>","protected":false},"excerpt":{"rendered":"<p>MODALIDADES DE PARTICIPACI\u00d3N Todas las contribuciones pueden estar en ingl\u00e9s o en espa\u00f1ol. Aqu\u00ed tienes nuestras pautas de accesibilidad para ponentes y asistentes. Comunicaci\u00f3n: Para participantes que desean presentan su trabajo en persona en comunicaciones de 20 minutos, con tiempo para preguntas y debate. P\u00f3ster virtual: La opci\u00f3n ideal para participantes que no van a <a class=\"read-more\" href=\"https:\/\/irscl2025salamanca.usal.es\/es\/call-for-papers\/\">Leer m&aacute;s<\/a><\/p>\n","protected":false},"author":150,"featured_media":0,"parent":0,"menu_order":0,"comment_status":"closed","ping_status":"closed","template":"","meta":{"footnotes":""},"class_list":["post-109","page","type-page","status-publish","hentry"],"aioseo_notices":[],"_links":{"self":[{"href":"https:\/\/irscl2025salamanca.usal.es\/es\/wp-json\/wp\/v2\/pages\/109","targetHints":{"allow":["GET"]}}],"collection":[{"href":"https:\/\/irscl2025salamanca.usal.es\/es\/wp-json\/wp\/v2\/pages"}],"about":[{"href":"https:\/\/irscl2025salamanca.usal.es\/es\/wp-json\/wp\/v2\/types\/page"}],"author":[{"embeddable":true,"href":"https:\/\/irscl2025salamanca.usal.es\/es\/wp-json\/wp\/v2\/users\/150"}],"replies":[{"embeddable":true,"href":"https:\/\/irscl2025salamanca.usal.es\/es\/wp-json\/wp\/v2\/comments?post=109"}],"version-history":[{"count":35,"href":"https:\/\/irscl2025salamanca.usal.es\/es\/wp-json\/wp\/v2\/pages\/109\/revisions"}],"predecessor-version":[{"id":511,"href":"https:\/\/irscl2025salamanca.usal.es\/es\/wp-json\/wp\/v2\/pages\/109\/revisions\/511"}],"wp:attachment":[{"href":"https:\/\/irscl2025salamanca.usal.es\/es\/wp-json\/wp\/v2\/media?parent=109"}],"curies":[{"name":"wp","href":"https:\/\/api.w.org\/{rel}","templated":true}]}}