	{"id":120,"date":"2023-10-21T09:28:19","date_gmt":"2023-10-21T09:28:19","guid":{"rendered":"https:\/\/irscl2025salamanca.usal.es\/?page_id=120"},"modified":"2025-05-24T19:33:43","modified_gmt":"2025-05-24T19:33:43","slug":"english-registration","status":"publish","type":"page","link":"https:\/\/irscl2025salamanca.usal.es\/es\/english-registration\/","title":{"rendered":"INSCRIPCI\u00d3N"},"content":{"rendered":"<a href=\"https:\/\/gestion.fundacionusal.es\/Matricula\/entrance\/curso:2025s034cd0125055\/lang:spa\" target=\"_blank\" rel=\"noopener\"><img loading=\"lazy\" decoding=\"async\" class=\"alignnone size-full wp-image-396\" src=\"https:\/\/irscl2025salamanca.usal.es\/wp-content\/uploads\/sites\/125\/2025\/01\/inscripcion.png\" alt=\"\" width=\"300\" height=\"57\" \/><\/a><\/p>\n<p><span style=\"color: #993300;\"><strong>A partir del 1 de junio no se pueden aceptar devoluciones.<\/strong><\/span><\/p>\n[Redirige una nueva p\u00e1gina]\n<p><span style=\"font-size: 24pt;\"><strong>TARIFAS DEL CONGRESO<\/strong><\/span><\/p>\n<table style=\"height: 302px; width: 100%; border-collapse: collapse; border-style: solid; border-color: #000000;\">\n<tbody>\n<tr style=\"border-color: #000000;\">\n<td style=\"width: 457.5px; vertical-align: middle; text-align: center; border-color: #000000; height: 40px; background-color: #cfaed1; border-style: solid;\"><strong>Reducidas: hasta el 31 de marzo de 2025<\/strong><\/td>\n<td style=\"width: 457.5px; vertical-align: middle; text-align: center; border-color: #000000; height: 40px; background-color: #cfaed1; border-style: solid;\"><strong>Tarifas regulares: 1 de abril a 15 de mayo de 2025<\/strong><\/td>\n<\/tr>\n<tr style=\"border-color: #000000;\">\n<td style=\"width: 457.5px; vertical-align: middle; background-color: #c2c2c2; text-align: center; border-style: solid; border-color: #000000; height: 40px;\">Miembros de la IRSCL 250 \u20ac<\/td>\n<td style=\"width: 457.5px; background-color: #c2c2c2; vertical-align: middle; text-align: center; border-style: solid; border-color: #000000; height: 40px;\">Miembros de la IRSCL 300 \u20ac<\/td>\n<\/tr>\n<tr style=\"border-color: #000000;\">\n<td style=\"width: 457.5px; vertical-align: middle; background-color: #ffffff; text-align: center; border-style: solid; border-color: #000000; height: 40px;\">Tarifa bonificada* 150 \u20ac<\/td>\n<td style=\"width: 457.5px; vertical-align: middle; background-color: #ffffff; text-align: center; border-style: solid; border-color: #000000; height: 40px;\">Tarifa bonificada* 200 \u20ac<\/td>\n<\/tr>\n<tr style=\"border-color: #000000;\">\n<td style=\"width: 915px; background-color: #c2c2c2; vertical-align: middle; text-align: center; border-style: solid; border-color: #000000; height: 40px;\" colspan=\"2\">\n<p style=\"text-align: center;\">Acceso para 2 d\u00edas (21-22 de junio) 150 \u20ac<\/p>\n<\/td>\n<\/tr>\n<tr style=\"border-color: #000000;\">\n<td style=\"width: 915px; background-color: #ffffff; vertical-align: middle; text-align: center; border-style: solid; border-color: #000000; height: 40px;\" colspan=\"2\">\n<p style=\"text-align: center;\">Acceso para 3 d\u00edas (23-24-25 de junio) 250\u20ac<\/p>\n<\/td>\n<\/tr>\n<tr style=\"border-color: #000000;\">\n<td style=\"width: 915px; background-color: #c2c2c2; vertical-align: middle; text-align: center; border-style: solid; border-color: #000000; height: 40px;\" colspan=\"2\">Sin membres\u00eda de IRSCL** 375 \u20ac<\/td>\n<\/tr>\n<tr style=\"border-color: #000000;\">\n<td style=\"width: 915px; background-color: #ffffff; vertical-align: middle; text-align: center; border-style: solid; border-color: #000000; height: 40px;\" colspan=\"2\">Asistente (como audiencia) 150 \u20ac<\/td>\n<\/tr>\n<tr style=\"border-color: #000000;\">\n<td style=\"width: 915px; background-color: #c2c2c2; vertical-align: middle; text-align: center; border-style: solid; border-color: #000000; height: 40px;\" colspan=\"2\">Persona acompa\u00f1ante*** 150 \u20ac<\/td>\n<\/tr>\n<tr style=\"border-color: #000000;\">\n<td style=\"width: 915px; background-color: #ffffff; vertical-align: middle; text-align: center; border-style: solid; border-color: #000000; height: 40px;\" colspan=\"2\">CENA DE GALA (25 de junio)**** 50 \u20ac<\/td>\n<\/tr>\n<\/tbody>\n<\/table>\n<p>*TARIFA BONIFICADA: para estudiantes, personas jubiladas, personas provenientes de pa\u00edses de ingreso bajo e ingreso mediano bajo (de acuerdo a la \u00faltima actualizaci\u00f3n del <a href=\"https:\/\/datahelpdesk.worldbank.org\/knowledgebase\/articles\/906519-world-bank-country-and-lending-groups\" target=\"_blank\" rel=\"noopener\">World Bank<\/a>) y profesores en ejercicio de educaci\u00f3n primaria y secundaria de la regi\u00f3n. La tarifa bonificada se debe acreditar al registrarse.<\/p>\n<p>**SIN MEMBRES\u00cdA DE LA IRSCL: Puedes beneficiarte de tarifas reducidas y otras ventajas (tales como becas) haci\u00e9ndote miembro de la asociaci\u00f3n en el siguiente enlace: <a href=\"https:\/\/www.irscl.org\/membersnew\" target=\"_blank\" rel=\"noopener\">https:\/\/www.irscl.org\/membersnew<\/a><\/p>\n<p>***Es necesario registrarse junto con un participante del congreso para poder tomar parte en las actividades sociales del mismo.<\/p>\n<p>****Hay un n\u00famero limitado de tickets para la cena y se venden aparte por orden de solicitud.<\/p>\n<p><strong>LAS TARIFAS INCLUYEN:<br \/>\n<\/strong><strong>-Caf\u00e9 y refrescos durante los descansos<br \/>\n-Los eventos y actividades sociales as\u00ed especificados en el programa<br \/>\n-Evento social (22 de junio)<br \/>\n-Certificado de participaci\u00f3n o asistencia (si se solicita)<br \/>\n-Bolsa con materiales para los participantes<\/strong><\/p>\n<p><strong>LAS TARIFAS NO INCLUYEN:<br \/>\n<\/strong><strong>-Almuerzo u otras comidas <\/strong><strong>(existen muchas opciones disponibles a corta distancia del congreso)<br \/>\n-Viaje o alojamiento<\/strong><b><br \/>\n-Actividades opcionales (excursiones, etc)<br \/>\n-Ticket para la Cena de Gala<\/b><\/p>\n<h5><span style=\"color: #000000;\">Por favor, lee cuidadosamente nuestras <a href=\"https:\/\/irscl2025salamanca.usal.es\/guidelines-for-presenters\/\">PAUTAS<\/a> para ponentes y asistentes.<\/span><\/h5>","protected":false},"excerpt":{"rendered":"<p>A partir del 1 de junio no se pueden aceptar devoluciones. [Redirige una nueva p\u00e1gina] TARIFAS DEL CONGRESO Reducidas: hasta el 31 de marzo de 2025 Tarifas regulares: 1 de abril a 15 de mayo de 2025 Miembros de la IRSCL 250 \u20ac Miembros de la IRSCL 300 \u20ac Tarifa bonificada* 150 \u20ac Tarifa bonificada* <a class=\"read-more\" href=\"https:\/\/irscl2025salamanca.usal.es\/es\/english-registration\/\">Leer m&aacute;s<\/a><\/p>\n","protected":false},"author":150,"featured_media":0,"parent":0,"menu_order":0,"comment_status":"closed","ping_status":"closed","template":"","meta":{"footnotes":""},"class_list":["post-120","page","type-page","status-publish","hentry"],"aioseo_notices":[],"_links":{"self":[{"href":"https:\/\/irscl2025salamanca.usal.es\/es\/wp-json\/wp\/v2\/pages\/120","targetHints":{"allow":["GET"]}}],"collection":[{"href":"https:\/\/irscl2025salamanca.usal.es\/es\/wp-json\/wp\/v2\/pages"}],"about":[{"href":"https:\/\/irscl2025salamanca.usal.es\/es\/wp-json\/wp\/v2\/types\/page"}],"author":[{"embeddable":true,"href":"https:\/\/irscl2025salamanca.usal.es\/es\/wp-json\/wp\/v2\/users\/150"}],"replies":[{"embeddable":true,"href":"https:\/\/irscl2025salamanca.usal.es\/es\/wp-json\/wp\/v2\/comments?post=120"}],"version-history":[{"count":23,"href":"https:\/\/irscl2025salamanca.usal.es\/es\/wp-json\/wp\/v2\/pages\/120\/revisions"}],"predecessor-version":[{"id":504,"href":"https:\/\/irscl2025salamanca.usal.es\/es\/wp-json\/wp\/v2\/pages\/120\/revisions\/504"}],"wp:attachment":[{"href":"https:\/\/irscl2025salamanca.usal.es\/es\/wp-json\/wp\/v2\/media?parent=120"}],"curies":[{"name":"wp","href":"https:\/\/api.w.org\/{rel}","templated":true}]}}