	{"id":125,"date":"2023-10-21T09:28:35","date_gmt":"2023-10-21T09:28:35","guid":{"rendered":"https:\/\/irscl2025salamanca.usal.es\/?page_id=125"},"modified":"2025-06-21T06:40:13","modified_gmt":"2025-06-21T06:40:13","slug":"english-programme","status":"publish","type":"page","link":"https:\/\/irscl2025salamanca.usal.es\/es\/english-programme\/","title":{"rendered":"PROGRAMA"},"content":{"rendered":"&nbsp;<\/p>\n<p style=\"text-align: center;\"><strong><a href=\"https:\/\/irscl2025salamanca.usal.es\/wp-content\/uploads\/sites\/125\/2025\/06\/IRSCL_PROGRAMME_FINAL_18_JUNIO.pdf\">\u00a1Descarga el IRSCL &#8211; PROGRAMME (actualizaci\u00f3n del 18 de junio) <span style=\"text-decoration: underline;\">AQU\u00cd<\/span>! (Disponible solo en ingl\u00e9s)<\/a><\/strong><\/p>\n<p style=\"text-align: center;\"><strong><span style=\"font-size: 12pt;\"><a href=\"https:\/\/irscl2025salamanca.usal.es\/wp-content\/uploads\/sites\/125\/2025\/06\/IRSCL_Instrucciones-finales.pdf\">Informaci\u00f3n importante para el congreso <span style=\"text-decoration: underline;\">AQU\u00cd<\/span>.<\/a><\/span><\/strong><\/p>\n<p style=\"text-align: center;\"><strong>PROGRAMA<\/strong><\/p>\n<p style=\"text-align: center;\"><a href=\"https:\/\/virtual.oxfordabstracts.com\/event\/52281\/program\">Programa Virtual en Oxford Abstracts<\/a><\/p>\n<p style=\"text-align: center;\"><strong>VIRTUAL POSTER VOTATION<\/strong><\/p>\n<p style=\"text-align: center;\"><em>\u00bfD\u00f3nde puedo ver los p\u00f3steres?<\/em> <a href=\"https:\/\/virtual.oxfordabstracts.com\/event\/52281\/poster-gallery\/grid\">\u00a0Galer\u00eda de P\u00f3steres en Oxford Abstracts<\/a><\/p>\n<p style=\"text-align: center;\"><em>\u00bfC\u00f3mo puedo votar?\u00a0<\/em> <a href=\"https:\/\/forms.gle\/tB9DMkZREW8vCaDK9\">Clicar aqu\u00ed para votar<\/a><\/p>\n<p>&nbsp;","protected":false},"excerpt":{"rendered":"<p>&nbsp; \u00a1Descarga el IRSCL &#8211; PROGRAMME (actualizaci\u00f3n del 18 de junio) AQU\u00cd! (Disponible solo en ingl\u00e9s) Informaci\u00f3n importante para el congreso AQU\u00cd. PROGRAMA Programa Virtual en Oxford Abstracts VIRTUAL POSTER VOTATION \u00bfD\u00f3nde puedo ver los p\u00f3steres? \u00a0Galer\u00eda de P\u00f3steres en Oxford Abstracts \u00bfC\u00f3mo puedo votar?\u00a0 Clicar aqu\u00ed para votar &nbsp;<\/p>\n","protected":false},"author":150,"featured_media":0,"parent":0,"menu_order":0,"comment_status":"closed","ping_status":"closed","template":"","meta":{"footnotes":""},"class_list":["post-125","page","type-page","status-publish","hentry"],"aioseo_notices":[],"_links":{"self":[{"href":"https:\/\/irscl2025salamanca.usal.es\/es\/wp-json\/wp\/v2\/pages\/125","targetHints":{"allow":["GET"]}}],"collection":[{"href":"https:\/\/irscl2025salamanca.usal.es\/es\/wp-json\/wp\/v2\/pages"}],"about":[{"href":"https:\/\/irscl2025salamanca.usal.es\/es\/wp-json\/wp\/v2\/types\/page"}],"author":[{"embeddable":true,"href":"https:\/\/irscl2025salamanca.usal.es\/es\/wp-json\/wp\/v2\/users\/150"}],"replies":[{"embeddable":true,"href":"https:\/\/irscl2025salamanca.usal.es\/es\/wp-json\/wp\/v2\/comments?post=125"}],"version-history":[{"count":14,"href":"https:\/\/irscl2025salamanca.usal.es\/es\/wp-json\/wp\/v2\/pages\/125\/revisions"}],"predecessor-version":[{"id":519,"href":"https:\/\/irscl2025salamanca.usal.es\/es\/wp-json\/wp\/v2\/pages\/125\/revisions\/519"}],"wp:attachment":[{"href":"https:\/\/irscl2025salamanca.usal.es\/es\/wp-json\/wp\/v2\/media?parent=125"}],"curies":[{"name":"wp","href":"https:\/\/api.w.org\/{rel}","templated":true}]}}