	{"id":162,"date":"2023-10-21T10:56:36","date_gmt":"2023-10-21T10:56:36","guid":{"rendered":"https:\/\/irscl2025salamanca.usal.es\/?page_id=162"},"modified":"2025-05-02T11:04:53","modified_gmt":"2025-05-02T11:04:53","slug":"venue","status":"publish","type":"page","link":"https:\/\/irscl2025salamanca.usal.es\/es\/venue\/","title":{"rendered":"SEDE Y ALOJAMIENTO"},"content":{"rendered":"<h2><span style=\"font-size: 14pt;\"><strong>SEDES<\/strong><\/span><\/h2>\n<ul>\n<li>Hospeder\u00eda Fonseca (Universidad de Salamanca)<br \/>\n<a href=\"https:\/\/maps.app.goo.gl\/DKEFCPgYv3hTYnPh7\" target=\"_blank\" rel=\"noopener\">Calle Fonseca 2, 37002, Salamanca<\/a><\/li>\n<li>Centro Cultural Hispano Japon\u00e9s (Universidad de Salamanca)<br \/>\n<a href=\"https:\/\/maps.app.goo.gl\/YwS184sDUPq3izNj7\" target=\"_blank\" rel=\"noopener\">Plaza de San Boal 13, 37002 Salamanca<\/a><\/li>\n<li>Teatro Unicaja Banco<br \/>\n<a href=\"https:\/\/maps.app.goo.gl\/y7PZFT1zcyJhnygT6\" target=\"_blank\" rel=\"noopener\">Plaza de Santa Teresa s\/n, 37002 Salamanca<\/a><\/li>\n<\/ul>\n<h2><span style=\"font-size: 14pt;\"><strong>SUGERENCIAS DE ALOJAMIENTO<\/strong><\/span><\/h2>\n<h2 style=\"padding-left: 40px;\"><span style=\"font-size: 14pt;\"><strong>Residencias Universitarias<\/strong><\/span><\/h2>\n<ol>\n<li><a href=\"https:\/\/colegiomayorsanbartolome.usal.es\/tarifas\/\" target=\"_blank\" rel=\"noopener\"><strong>Colegio Mayor San Bartolom\u00e9<\/strong><\/a><\/li>\n<\/ol>\n<ul>\n<li>Los precios para no residentes son fijos durante todo el a\u00f1o acad\u00e9mico.<\/li>\n<li>Si alg\u00fan asistente al congreso desea alojarse en el CM San Bartolom\u00e9, debe solicitarlo a trav\u00e9s de este correo electr\u00f3nico (<a href=\"mailto:dirsanbartolome@usal.es\" target=\"_blank\" rel=\"noopener\">dirsanbartolome@usal.es<\/a>), proporcionando su nombre completo, DNI, fechas de entrada y salida, el tipo de habitaci\u00f3n que desea reservar y un n\u00famero de tel\u00e9fono.<\/li>\n<li>Todas las habitaciones son individuales y cuentan con ba\u00f1o privado, escritorio, frigor\u00edfico y microondas.<\/li>\n<\/ul>\n<p style=\"padding-left: 40px;\"><strong>Precios:<\/strong> 28\u20ac por d\u00eda (habitaci\u00f3n individual); 26\u20ac por d\u00eda para estancias semanales (habitaci\u00f3n individual). Los precios incluyen desayuno e IVA.<\/p>\n<p>&nbsp;<\/p>\n<ol start=\"2\">\n<li><a href=\"https:\/\/colegiofonseca.usal.es\/\" target=\"_blank\" rel=\"noopener\"><strong>Colegio Arzobispo Fonseca<\/strong><\/a><\/li>\n<\/ol>\n<ul>\n<li>Los precios para no residentes son fijos durante todo el a\u00f1o acad\u00e9mico.<\/li>\n<li>Si alg\u00fan asistente desea alojarse en el Colegio Arzobispo Fonseca, debe solicitarlo a trav\u00e9s de este correo electr\u00f3nico (<a href=\"mailto:fonseca@usal.es\">fonseca@usal.es<\/a>), proporcionando su nombre completo, DNI, fechas de entrada y salida, el tipo de habitaci\u00f3n que desea reservar y un n\u00famero de tel\u00e9fono.<\/li>\n<\/ul>\n<p style=\"padding-left: 40px;\"><strong>Precios:<\/strong> 65\u20ac por d\u00eda (habitaci\u00f3n individual); 85\u20ac por d\u00eda (habitaci\u00f3n doble). Los precios incluyen desayuno e IVA.<\/p>\n<p>&nbsp;<\/p>\n<ol start=\"3\">\n<li><a href=\"https:\/\/colegiomayorfrayluisdeleon.usal.es\/\" target=\"_blank\" rel=\"noopener\"><strong>Colegio Mayor Fray Luis de Le\u00f3n<\/strong><\/a><\/li>\n<\/ol>\n<ul>\n<li>Los precios para no residentes son fijos durante todo el a\u00f1o acad\u00e9mico.<\/li>\n<li>Si alg\u00fan asistente desea alojarse en el Colegio Mayor Fray Luis de Le\u00f3n, debe solicitarlo a trav\u00e9s de este correo electr\u00f3nico (<a href=\"https:\/\/colegiomayorfrayluisdeleon.usal.es\" target=\"_blank\" rel=\"noopener\">https:\/\/colegiomayorfrayluisdeleon.usal.es<\/a>), proporcionando su nombre completo, DNI, fechas de entrada y salida, el tipo de habitaci\u00f3n que desea reservar y un n\u00famero de tel\u00e9fono.<\/li>\n<\/ul>\n<p style=\"padding-left: 40px;\"><strong>Precios:<\/strong> 28\u20ac por d\u00eda (habitaci\u00f3n individual). <strong>Pendiente de confirmaci\u00f3n.<\/strong><\/p>\n<p>&nbsp;<\/p>\n<ol start=\"4\">\n<li><a href=\"https:\/\/resa.es\/residencias\/salamanca\/colegio-mayor-hernan-cortes\/\" target=\"_blank\" rel=\"noopener\"><strong>Colegio Mayor Hern\u00e1n Cort\u00e9s<\/strong><\/a><strong> (RESA)<\/strong><\/li>\n<\/ol>\n<ul>\n<li>Las reservas para no residentes pueden realizarse directamente a trav\u00e9s de su p\u00e1gina web: <a href=\"https:\/\/resa.es\/residencias\/salamanca\/colegio-mayor-hernan-cortes\/\" target=\"_blank\" rel=\"noopener\">https:\/\/resa.es\/residencias\/salamanca\/colegio-mayor-hernan-cortes\/<\/a>.<strong>Hay un 15% de descuento para los asistentes al congreso, pero para ello es necesario utilizar el c\u00f3digo UPSA25 al reservar la habitaci\u00f3n en la web. Los precios pueden variar.<\/strong><\/li>\n<\/ul>\n<p><strong>\u00a0<\/strong><\/p>\n<ol start=\"5\">\n<li><a href=\"https:\/\/resa.es\/residencias\/salamanca\/colegio-cuenca\/\" target=\"_blank\" rel=\"noopener\"><strong>Residencia Universitaria Colegio de Cuenca<\/strong><\/a><strong> (RESA)<\/strong><\/li>\n<\/ol>\n<ul>\n<li>Las reservas para no residentes pueden realizarse directamente a trav\u00e9s de su p\u00e1gina web: <a href=\"https:\/\/resa.es\/residencias\/salamanca\/colegio-cuenca\/\">https:\/\/resa.es\/residencias\/salamanca\/colegio-cuenca\/<\/a>.<\/li>\n<\/ul>\n<p style=\"padding-left: 40px;\"><strong>Hay un 15% de descuento para los asistentes al congreso, pero para ello es necesario utilizar el c\u00f3digo UPSA25 al reservar la habitaci\u00f3n en la web. Los precios pueden variar.<\/strong><\/p>\n<p>&nbsp;<\/p>\n<h2 style=\"padding-left: 40px;\"><span style=\"font-size: 14pt;\"><strong>Hoteles<\/strong><\/span><\/h2>\n<ol>\n<li><a href=\"https:\/\/www.hotelalamedapalace.com\/en\/\" target=\"_blank\" rel=\"noopener\"><strong>Hotel Alameda Palace<\/strong><\/a><strong> 5* (8% de descuento)<\/strong><\/li>\n<\/ol>\n<p style=\"padding-left: 40px;\">Se aplica un descuento del 8% al precio ofrecido en la p\u00e1gina web del <strong>Hotel Alameda Palace<\/strong>. Es necesario a\u00f1adir el c\u00f3digo promocional <strong>IRSCL2025<\/strong> en el momento de hacer la reserva a trav\u00e9s de la p\u00e1gina web del hotel.<\/p>\n<p>&nbsp;<\/p>\n<ol start=\"2\">\n<li><a href=\"https:\/\/www.hospes.com\/en\/palacio-san-esteban\/\" target=\"_blank\" rel=\"noopener\"><strong>Hospes Palacio de San Esteban<\/strong><\/a><strong> 5*<\/strong><\/li>\n<\/ol>\n<ul>\n<li>Habitaci\u00f3n doble (uso individual); desayuno incluido: 190.00\u20ac<\/li>\n<li>Habitaci\u00f3n doble; desayuno incluido: 225.00\u20ac<\/li>\n<\/ul>\n<p style=\"padding-left: 40px;\"><em>Precio por noche y habitaci\u00f3n; IVA incluido<\/em>.<br \/>\n<span style=\"font-size: 15px;\">Cinco habitaciones disponibles.<\/span><\/p>\n<p style=\"padding-left: 40px;\">Las reservas deben realizarse antes del 21 de mayo de 2025. Es necesario enviar un correo electr\u00f3nico a <a href=\"mailto:reservations.palaciosanesteban@hospes.com\" target=\"_blank\" rel=\"noopener\"><strong>reservations.palaciosanesteban@hospes.com<\/strong><\/a> con el asunto <strong>\u201cReserva Congreso IRSCL 2025 (Facultad de Filolog\u00eda)\u201d<\/strong> y los siguientes datos:<\/p>\n<ul>\n<li>Su nombre y apellidos<\/li>\n<li>Las fechas de su estancia<\/li>\n<li>El tipo de habitaci\u00f3n que desea reservar<\/li>\n<li>Su n\u00famero de tel\u00e9fono (incluido el prefijo de su pa\u00eds)<\/li>\n<li>Los datos de su tarjeta de cr\u00e9dito y su fecha de caducidad<\/li>\n<\/ul>\n<p>&nbsp;<\/p>\n<ol start=\"3\">\n<li><a href=\"https:\/\/www.abbahoteles.com\/en\/destinations\/abba-fonseca-hotel\/hotel.html\" target=\"_blank\" rel=\"noopener\"><strong>Hotel Abba Fonseca<\/strong><\/a><strong> 4*<\/strong><\/li>\n<\/ol>\n<ul>\n<li>Habitaci\u00f3n doble (uso individual); desayuno incluido: 106.00\u20ac<\/li>\n<li>Habitaci\u00f3n doble; desayuno incluido: 119.00\u20ac<\/li>\n<\/ul>\n<p style=\"padding-left: 40px;\"><em>Precio por noche y habitaci\u00f3n; IVA incluido<\/em>.<\/p>\n<p style=\"padding-left: 40px;\">Para efectuar la reserva deben enviar un correo electr\u00f3nico a <a href=\"mailto:recep-fonseca@abbahoteles.com\" target=\"_blank\" rel=\"noopener\"><strong>recep-fonseca@abbahoteles.com<\/strong><\/a> con el asunto <strong>\u201cReserva Congreso IRSCL 2025 (Facultad de Filolog\u00eda)\u201d<\/strong> y los siguientes datos:<\/p>\n<ul>\n<li style=\"list-style-type: none;\">\n<ul>\n<li>Su nombre y apellidos<\/li>\n<li>Las fechas de su estancia<\/li>\n<li>El tipo de habitaci\u00f3n que desea reservar<\/li>\n<li>Su n\u00famero de tel\u00e9fono (incluido el prefijo de su pa\u00eds)<\/li>\n<li>Los datos de su tarjeta de cr\u00e9dito y su fecha de caducidad<\/li>\n<\/ul>\n<p>&nbsp;<\/li>\n<\/ul>\n<ol start=\"4\">\n<li><span style=\"color: #c20a0a;\"><strong> Soho Boutiques Hotels <span style=\"color: #333333;\">(15% de descuento)<\/span><\/strong><span style=\"color: #333333;\"><strong style=\"font-size: 15px;\">\u00a0<\/strong><\/span><\/span><\/li>\n<\/ol>\n<p style=\"padding-left: 40px;\">Se aplica un descuento del 15% al precio ofrecido en la p\u00e1gina web de los dos hoteles <strong>Soho Boutiques Hotels.<\/strong> Es necesario a\u00f1adir el c\u00f3digo promocional <strong>IRSCL25<\/strong> en el momento de hacer la reserva a trav\u00e9s de la p\u00e1gina web del hotel.<\/p>\n<ul>\n<li><a href=\"https:\/\/www.sohohoteles.com\/en\/hotel-soho-boutique-salamanca-4-en\/\" target=\"_blank\" rel=\"noopener\">Soho Boutique Salamanca<\/a> 4*<\/li>\n<li><a href=\"https:\/\/www.sohohoteles.com\/en\/destinations\/itaca-salamanca-by-soho-4-en\/\" target=\"_blank\" rel=\"noopener\">Itaca Salamanca by Soho Boutique<\/a> 3*<\/li>\n<\/ul>\n<p>&nbsp;<\/p>\n<ol start=\"5\">\n<li><a href=\"https:\/\/www.hotelcasinodeltormes.es\/\" target=\"_blank\" rel=\"noopener\"><strong>Hotel Casino del Tormes<\/strong><\/a><strong> 4* (30% de descuento)<\/strong><\/li>\n<\/ol>\n<p style=\"padding-left: 40px;\">Se aplica un descuento del 30% al precio ofrecido en la p\u00e1gina web del <strong>Hotel Casino del Tormes<\/strong>. Es necesario a\u00f1adir el c\u00f3digo promocional <strong>IRSCL2025<\/strong> en el momento de hacer la reserva a trav\u00e9s de la p\u00e1gina web del hotel.<\/p>\n<p>&nbsp;<\/p>\n<ol start=\"6\">\n<li><a href=\"https:\/\/www.salamancasuitestudios.com\/?td=b00ga00&amp;referer_code=ADWORDS&amp;gad_source=1&amp;gclid=Cj0KCQjwncWvBhD_ARIsAEb2HW8WvoEPpTIubN4n6akvVlkbEbcXhgEO3vJkmTeRbtgcB4RyFfCSVBkaAkrTEALw_wcB\" target=\"_blank\" rel=\"noopener\"><strong>Salamanca Suite Studios<\/strong><\/a><strong> 4* (25% \/ 20% de descuento)<\/strong><\/li>\n<\/ol>\n<p style=\"padding-left: 40px;\">Se aplica un descuento del 25% (si reserva cinco noches o m\u00e1s) o del 20% (si reserva menos de cinco noches) al precio ofrecido en la p\u00e1gina web del hotel <strong>Salamanca Suite Studios<\/strong>.<\/p>\n<p style=\"padding-left: 40px;\">Para efectuar la reserva deben enviar un correo electr\u00f3nico a <a href=\"mailto:info@suitestudios.com\" target=\"_blank\" rel=\"noopener\"><strong>info@suitestudios.com<\/strong><\/a> con el asunto <strong>\u201cReserva Congreso IRSCL 2025 (Facultad de Filolog\u00eda)\u201d<\/strong> y los siguientes datos:<\/p>\n<ul>\n<li>Su nombre y apellidos<\/li>\n<li>Las fechas de su estancia<\/li>\n<li>El tipo de habitaci\u00f3n que desea reservar<\/li>\n<li>Su n\u00famero de tel\u00e9fono (incluido el prefijo de su pa\u00eds)<\/li>\n<li>Los datos de su tarjeta de cr\u00e9dito y su fecha de caducidad<\/li>\n<\/ul>\n<p><strong>\u00a0<\/strong><\/p>\n<ol start=\"7\">\n<li><a href=\"https:\/\/hotelrua.com\/\" target=\"_blank\" rel=\"noopener\"><strong>Hotel R\u00faa<\/strong><\/a> <strong>4* (15% de descuento)<\/strong><\/li>\n<\/ol>\n<p style=\"padding-left: 40px;\">Se aplica un descuento del 15% al precio ofrecido en la p\u00e1gina web del <strong>Hotel R\u00faa<\/strong>.<\/p>\n<p style=\"padding-left: 40px;\">Para efectuar la reserva deben enviar un correo electr\u00f3nico a <strong>reservas@hotelrua.com<\/strong> con el asunto <strong>\u201cReserva Congreso IRSCL 2025 (Facultad de Filolog\u00eda)\u201d<\/strong> y los siguientes datos:<\/p>\n<ul>\n<li>Su nombre y apellidos<\/li>\n<li>Las fechas de su estancia<\/li>\n<li>El tipo de habitaci\u00f3n que desea reservar<\/li>\n<li>Su n\u00famero de tel\u00e9fono (incluido el prefijo de su pa\u00eds)<\/li>\n<li>Los datos de su tarjeta de cr\u00e9dito y su fecha de caducidad<\/li>\n<\/ul>\n<p>&nbsp;<\/p>\n<ol start=\"8\">\n<li><a href=\"https:\/\/www.hoteles-silken.com\/en\/hotel-rona-dalba-salamanca\/?_gl=1*1xpcgy6*_up*MQ..&amp;gclid=CjwKCAiA_5WvBhBAEiwAZtCU75fOIl0Nl5DTuLdvklBSzKAfNKlWtyqXlsPfBzaOEVeXuGTztABTbhoCRkoQAvD_BwE\" target=\"_blank\" rel=\"noopener\"><strong>Silken Rona Dalba<\/strong><\/a><strong> 3* (10% de descuento)<\/strong><\/li>\n<\/ol>\n<p style=\"padding-left: 40px;\">Se aplica un descuento del 10% al precio ofrecido en la p\u00e1gina web del hotel<strong> Silken Rona Dalba<\/strong>. Es necesario a\u00f1adir el c\u00f3digo promocional <strong>IRSCL2025<\/strong> en el momento de hacer la reserva a trav\u00e9s de la p\u00e1gina web del hotel.<\/p>\n<p>&nbsp;<\/p>\n<ol start=\"9\">\n<li><a href=\"https:\/\/gaiarooms.com\/salamanca\/apartamentos-celestina\/\" target=\"_blank\" rel=\"noopener\"><strong>Apartamentos Celestina<\/strong><\/a><strong> 3*<\/strong><\/li>\n<\/ol>\n<ul>\n<li>Apartamento de 1 dormitorio: 288\u20ac<\/li>\n<li>Apartamento familiar: 357\u20ac<\/li>\n<\/ul>\n<p style=\"padding-left: 40px;\">Las tarifas son aproximadas y cubren la estancia de 4 noches. La reserva puede realizarse por email: celestina@gaiarooms.com o tel\u00e9fono:<\/p>\n<p style=\"padding-left: 40px;\">(+34) 923 72 00 15<\/p>\n<p>&nbsp;<\/p>\n<ol start=\"10\">\n<li><a href=\"https:\/\/gaiarooms.com\/es\/salamanca\/hotel-matilde\/\" target=\"_blank\" rel=\"noopener\"><strong>Hotel Matilde<\/strong><\/a><strong> 2*<\/strong><\/li>\n<\/ol>\n<ul>\n<li>Habitaci\u00f3n doble:\n<ul>\n<li>191,14 euros solo alojamiento<\/li>\n<li>296,41 con desayuno incluido.<\/li>\n<\/ul>\n<\/li>\n<\/ul>\n<p style=\"padding-left: 40px;\">Las tarifas son aproximadas y cubren la estancia de 4 noches. La reserva puede realizarse por email: <a href=\"mailto:matilde@gaiarooms.com\">matilde@gaiarooms.com<\/a> o tel\u00e9fono: (+34) 923 72 00 15.<\/p>\n<p>&nbsp;<\/p>\n<ol start=\"11\">\n<li><a href=\"https:\/\/www.hostalplazamayor.es\/\" target=\"_blank\" rel=\"noopener\"><strong>Hostal Plaza Mayor<\/strong><\/a><strong> 2*<\/strong><\/li>\n<\/ol>\n<ul>\n<li>HABITACION INDIVIDUAL: 49.00 \u20ac<\/li>\n<li>HABITACION DOBLE: 66.50 \u20ac<\/li>\n<li>Solo alojamiento<\/li>\n<\/ul>\n<p style=\"padding-left: 40px;\">Posibilidad de Desayuno en Cafeter\u00eda SantaGloria<br \/>\nPueden reservar directamente llamando al 923 262020 e identific\u00e1ndose como asistente al <strong>Congreso Junio 25.<\/strong><\/p>\n<p>&nbsp;<\/p>\n<ol start=\"12\">\n<li><a href=\"https:\/\/www.emperatrizhotel.com\/hoteles\/hotel-emperatriz-ii.html\" target=\"_blank\" rel=\"noopener\"><strong>Hotel Emperatriz II<\/strong><\/a><strong> 2*<\/strong><\/li>\n<\/ol>\n<ul>\n<li>Habitaci\u00f3n individual solo alojamiento 4 noches o m\u00e1s: 45 \u20ac\/noche<\/li>\n<li>Habitaci\u00f3n individual solo alojamiento 3 noches: 50 \u20ac\/noche<\/li>\n<li>Habitaci\u00f3n individual solo alojamiento 1 o 2 noches: 55 \u20ac\/noche<\/li>\n<\/ul>\n<p style=\"padding-left: 40px;\">Si la <strong>habitaci\u00f3n es doble de uso individual<\/strong> se incrementar\u00e1n esos precios en <strong>10\u20ac diarios<\/strong>. Y si es <strong>doble para dos personas<\/strong> el precio aumentar\u00eda <strong>15\u20ac<\/strong> diarios sobre el precio de la individual. Si desean que la reserva lleve el <strong>desayuno<\/strong> ser\u00e1n <strong>6\u20ac<\/strong> por cada desayuno.<\/p>\n<p style=\"padding-left: 40px;\">Para reservar es necesario enviar un email a <a href=\"mailto:emperatriz2@emperatrizhotel.com\" target=\"_blank\" rel=\"noopener\">emperatriz2@emperatrizhotel.com<\/a> con la siguiente informaci\u00f3n:<\/p>\n<ul>\n<li>Adjuntar este <a style=\"font-family: Lato, sans-serif; font-size: 15px; font-style: normal; font-weight: 300; color: #3f84a4;\" href=\"https:\/\/irscl2025salamanca.usal.es\/wp-content\/uploads\/sites\/125\/2025\/02\/OFERTA-HOTEL-EMPERATRIZ-II-CONGRESO-DE-LITERATURA-INFANTIL.pdf\">documento<\/a><span style=\"font-family: Lato, sans-serif; font-size: 15px; font-style: normal; font-weight: 300;\"> para reservar tu habitaci\u00f3n con esta<\/span>\u00a0oferta<\/li>\n<li>Nombre y apellidos<\/li>\n<li>Tipo de habitaci\u00f3n que desea reservar<\/li>\n<li>N\u00famero de tel\u00e9fono m\u00f3vil<\/li>\n<li>N\u00famero de tarjeta de garant\u00eda con la fecha de caducidad.<\/li>\n<\/ul>\n<p>El cobro se har\u00eda 2 d\u00edas antes de la llegada y a partir de ah\u00ed la reserva ya es no reembolsable.<\/p>\n<p>&nbsp;<\/p>\n<ol start=\"13\">\n<li><a href=\"http:\/\/las-catedrales-apartment.salamanca-hotels.com\/es\/\" target=\"_blank\" rel=\"noopener\"><strong>Las Catedrales<\/strong><\/a><strong> 5*<\/strong><\/li>\n<\/ol>\n<ul>\n<li>Apartamento para 4 \/ 5 personas: 140\u20ac\/noche.<\/li>\n<\/ul>\n<p style=\"padding-left: 40px;\">La reserva deber\u00e1 efectuarse llamando directamente por tel\u00e9fono. Es necesario indicar su <strong>participaci\u00f3n en el Congreso IRSCL de junio 2025<\/strong> en el momento de hacer la reserva.<\/p>\n<p><strong>\u00a0<\/strong><\/p>\n<h3><span style=\"font-size: 14pt;\"><strong>OTRAS OPCIONES DE ALOJAMIENTO DE ENTRE LAS MUCHAS QUE OFRECE SALAMANCA<\/strong><\/span><\/h3>\n<ul>\n<li><a href=\"https:\/\/www.gran-hotelcoronasol.es\/es\/\" target=\"_blank\" rel=\"noopener\"><strong>Gran Hotel Corona Sol<\/strong><\/a><strong> 4*<\/strong><\/li>\n<li><a href=\"https:\/\/salamancaluxuryplaza.com\/\" target=\"_blank\" rel=\"noopener\"><strong>Salamanca Luxury Plaza<\/strong><\/a><strong> 4*<\/strong><\/li>\n<li><a href=\"https:\/\/www.eurostarshotels.com\/eurostars-las-claras.html?referer_code=bs1gg11ww&amp;gad_source=1&amp;gclid=CjwKCAiA_5WvBhBAEiwAZtCU701bNnLgln2BoHE8HCqVxvDl3Cvi7Veejy5Veud8Wz00wJKqRklxLxoCyd8QAvD_BwE\" target=\"_blank\" rel=\"noopener\"><strong>Eurostars las Claras<\/strong><\/a><strong> 4*<\/strong><\/li>\n<li><a href=\"https:\/\/www.eurostarshotels.com\/exe-salamanca.html?referer_code=bs1gg13ww&amp;gad_source=1&amp;gclid=CjwKCAiA_5WvBhBAEiwAZtCU70UwRJWGjNpzHUG8kptynTMy0KhqzaQ2vmG1E6ig_XXBa5Xj5tuTxxoCR0QQAvD_BwE\" target=\"_blank\" rel=\"noopener\"><strong>Exe Salamanca<\/strong><\/a><strong> 4*<\/strong><\/li>\n<li><a href=\"http:\/\/www.ikonikplazamercado.com\/\" target=\"_blank\" rel=\"noopener\"><strong>Ikonik Plaza Mercado<\/strong><\/a><strong> 3*<\/strong><\/li>\n<li><a href=\"https:\/\/gaiarooms.com\/salamanca\/apartamentos-vega\/\" target=\"_blank\" rel=\"noopener\"><strong>Apartamentos Vega<\/strong><\/a><strong> 3*<\/strong><\/li>\n<li><a href=\"https:\/\/apartamentosdelpoeta.es\/\" target=\"_blank\" rel=\"noopener\"><strong>El Mirador del Poeta<\/strong><\/a><strong> 3*<\/strong><\/li>\n<li><a href=\"https:\/\/gaiarooms.com\/es\/salamanca\/hotel-mercado\/\" target=\"_blank\" rel=\"noopener\"><strong>Hotel Mercado<\/strong><\/a><strong> 2*<\/strong><\/li>\n<li><a href=\"https:\/\/www.sercotelhoteles.com\/es\/hotel-las-torres-salamanca\" target=\"_blank\" rel=\"noopener\"><strong>Sercotel Hotel Las Torres<\/strong><\/a><strong> 3*<br \/>\n<\/strong><\/li>\n<\/ul>\n<p>&nbsp;<\/p>\n<h3><strong style=\"font-size: 14pt;\">OFICINA DE TURISMO DE SALAMANCA<\/strong><\/h3>\n<p><a href=\"https:\/\/salamanca.es\/es\/\" target=\"_blank\" rel=\"noopener\">https:\/\/salamanca.es\/es\/<\/a><\/p>\n<p><a href=\"https:\/\/maps.app.goo.gl\/jL3G7cQK8XKr8dUcA\" target=\"_blank\" rel=\"noopener\">Plaza Mayor, 32, 37002 Salamanca, Espa\u00f1a<\/a><\/p>\n<p style=\"text-align: right;\"><span style=\"font-size: 10pt;\">Actualizaci\u00f3n: Febrero, 2025<\/span><\/p>","protected":false},"excerpt":{"rendered":"<p>SEDES Hospeder\u00eda Fonseca (Universidad de Salamanca) Calle Fonseca 2, 37002, Salamanca Centro Cultural Hispano Japon\u00e9s (Universidad de Salamanca) Plaza de San Boal 13, 37002 Salamanca Teatro Unicaja Banco Plaza de Santa Teresa s\/n, 37002 Salamanca SUGERENCIAS DE ALOJAMIENTO Residencias Universitarias Colegio Mayor San Bartolom\u00e9 Los precios para no residentes son fijos durante todo el a\u00f1o <a class=\"read-more\" href=\"https:\/\/irscl2025salamanca.usal.es\/es\/venue\/\">Leer m&aacute;s<\/a><\/p>\n","protected":false},"author":150,"featured_media":0,"parent":0,"menu_order":0,"comment_status":"closed","ping_status":"closed","template":"","meta":{"footnotes":""},"class_list":["post-162","page","type-page","status-publish","hentry"],"aioseo_notices":[],"_links":{"self":[{"href":"https:\/\/irscl2025salamanca.usal.es\/es\/wp-json\/wp\/v2\/pages\/162","targetHints":{"allow":["GET"]}}],"collection":[{"href":"https:\/\/irscl2025salamanca.usal.es\/es\/wp-json\/wp\/v2\/pages"}],"about":[{"href":"https:\/\/irscl2025salamanca.usal.es\/es\/wp-json\/wp\/v2\/types\/page"}],"author":[{"embeddable":true,"href":"https:\/\/irscl2025salamanca.usal.es\/es\/wp-json\/wp\/v2\/users\/150"}],"replies":[{"embeddable":true,"href":"https:\/\/irscl2025salamanca.usal.es\/es\/wp-json\/wp\/v2\/comments?post=162"}],"version-history":[{"count":38,"href":"https:\/\/irscl2025salamanca.usal.es\/es\/wp-json\/wp\/v2\/pages\/162\/revisions"}],"predecessor-version":[{"id":491,"href":"https:\/\/irscl2025salamanca.usal.es\/es\/wp-json\/wp\/v2\/pages\/162\/revisions\/491"}],"wp:attachment":[{"href":"https:\/\/irscl2025salamanca.usal.es\/es\/wp-json\/wp\/v2\/media?parent=162"}],"curies":[{"name":"wp","href":"https:\/\/api.w.org\/{rel}","templated":true}]}}