	{"id":165,"date":"2023-10-21T10:56:55","date_gmt":"2023-10-21T10:56:55","guid":{"rendered":"https:\/\/irscl2025salamanca.usal.es\/?page_id=165"},"modified":"2025-05-02T11:01:20","modified_gmt":"2025-05-02T11:01:20","slug":"travel","status":"publish","type":"page","link":"https:\/\/irscl2025salamanca.usal.es\/es\/travel\/","title":{"rendered":"VIAJE"},"content":{"rendered":"<h2>Viajes internacionales: C\u00f3mo llegar a Salamanca<\/h2>\n<h4>Desde Madrid (opci\u00f3n recomendada):<\/h4>\n<ul>\n<li>El Aeropuerto Adolfo Su\u00e1rez Madrid-Barajas es el aeropuerto con conexiones internacionales m\u00e1s cercano a la ciudad de Salamanca.<\/li>\n<li>Para trasladarse del aeropuerto a Salamanca, existen varias opciones:<\/li>\n<\/ul>\n<h5>1. En tren<\/h5>\n<p>El viaje se puede realizar a trav\u00e9s de Renfe, la \u00fanica empresa ferroviaria de Espa\u00f1a con recorridos entre ambos destinos. La duraci\u00f3n del trayecto es de dos horas y media m\u00ednimo y cuatro como m\u00e1ximo, dependiendo de la disponibilidad de trenes de alta velocidad.<\/p>\n<p>Para ir de Madrid-Barajas a las estaciones principales de Chamart\u00edn o Princ\u00edpe P\u00edo en Madrid, se pueden tomar las l\u00edneas de cercan\u00edas Renfe C-1 y C-10. Los billetes est\u00e1n a la venta en el aeropuerto o a trav\u00e9s de la p\u00e1gina web. Tambi\u00e9n se puede ir a las estaciones usando las l\u00edneas 6, 8 y 10 del Metro. El Aeropuerto Adolfo Su\u00e1rez Madrid-Barajas tiene actualmente cuatro terminales. Desde cualquiera de ellas se puede acceder al metro mediante la estaci\u00f3n Aeropuerto T1-T2-T3 y la estaci\u00f3n Aeropuerto T4. El horario de apertura al p\u00fablico es de 6:00 a 1:30 horas.<\/p>\n<h5>2. En autob\u00fas<\/h5>\n<p>La compa\u00f1\u00eda Monbus ofrece tres viajes diarios desde el aeropuerto directos a Salamanca. Es una opci\u00f3n un poco m\u00e1s econ\u00f3mica que el tren y evita tener que trasladarse a las estaciones. El tiempo del recorrido es de tres horas. Se puede comprar el billete online y los autobuses salen de las Terminales 1 y 4.<\/p>\n<h5>3. En coche<\/h5>\n<p>El aeropuerto cuenta con diferentes empresas de alquiler de coches. En caso de elegir esta alternativa, hay que conducir unas dos horas y media por la A-6, AP-6 o AP-51 (con peajes), pasando por \u00c1vila y llegando a Salamanca por la A-50.<\/p>\n<h5>4. En coche compartido<\/h5>\n<p>Bla Bla Car puede ser una opci\u00f3n de mucha ayuda cuando los horarios de llegada al aeropuerto no coincidan con los de tren o autob\u00fas. Algunos conductores comienzan el viaje desde el aeropuerto, y los dem\u00e1s suelen ser flexibles para recoger pasajeros en ubicaciones cercanas.<\/p>\n<p>&nbsp;<\/p>\n<h4>Desde Lisboa:<\/h4>\n<h5>En autob\u00fas<\/h5>\n<p>Alsa tiene viajes a Salamanca desde la estaci\u00f3n de Lisboa Sete R\u00edos y Lisboa Oriente. El recorrido es de siete horas aproximadamente y los billetes se pueden comprar f\u00e1cilmente en la p\u00e1gina web. Bla Bla Bus tambi\u00e9n cuenta con recorridos hasta Salamanca, el tiempo de viaje es igual que en Alsa y la compra es online.<\/p>\n<p>&nbsp;<\/p>\n<h4>Desde Oporto<\/h4>\n<h5>En autob\u00fas<\/h5>\n<p>Flixbus cuenta con viajes desde la estaci\u00f3n Oporto Campanh\u00e3, cuya duraci\u00f3n es de unas seis horas (al igual que las siguientes compa\u00f1\u00edas). Alsa tambi\u00e9n ofrece servicio y cuenta con un autob\u00fas que sale desde el Aeropuerto Sa Carneiro y otro que comienza el trayecto en Oporto Campanh\u00e3. Por \u00faltimo, Bla Bla Bus ofrece un recorrido a trav\u00e9s de la compa\u00f1\u00eda Gypsyy. Las tres opciones gestionan compras principalmente online.","protected":false},"excerpt":{"rendered":"<p>Viajes internacionales: C\u00f3mo llegar a Salamanca Desde Madrid (opci\u00f3n recomendada): El Aeropuerto Adolfo Su\u00e1rez Madrid-Barajas es el aeropuerto con conexiones internacionales m\u00e1s cercano a la ciudad de Salamanca. Para trasladarse del aeropuerto a Salamanca, existen varias opciones: 1. En tren El viaje se puede realizar a trav\u00e9s de Renfe, la \u00fanica empresa ferroviaria de Espa\u00f1a <a class=\"read-more\" href=\"https:\/\/irscl2025salamanca.usal.es\/es\/travel\/\">Leer m&aacute;s<\/a><\/p>\n","protected":false},"author":150,"featured_media":0,"parent":0,"menu_order":0,"comment_status":"closed","ping_status":"closed","template":"","meta":{"footnotes":""},"class_list":["post-165","page","type-page","status-publish","hentry"],"aioseo_notices":[],"_links":{"self":[{"href":"https:\/\/irscl2025salamanca.usal.es\/es\/wp-json\/wp\/v2\/pages\/165","targetHints":{"allow":["GET"]}}],"collection":[{"href":"https:\/\/irscl2025salamanca.usal.es\/es\/wp-json\/wp\/v2\/pages"}],"about":[{"href":"https:\/\/irscl2025salamanca.usal.es\/es\/wp-json\/wp\/v2\/types\/page"}],"author":[{"embeddable":true,"href":"https:\/\/irscl2025salamanca.usal.es\/es\/wp-json\/wp\/v2\/users\/150"}],"replies":[{"embeddable":true,"href":"https:\/\/irscl2025salamanca.usal.es\/es\/wp-json\/wp\/v2\/comments?post=165"}],"version-history":[{"count":4,"href":"https:\/\/irscl2025salamanca.usal.es\/es\/wp-json\/wp\/v2\/pages\/165\/revisions"}],"predecessor-version":[{"id":489,"href":"https:\/\/irscl2025salamanca.usal.es\/es\/wp-json\/wp\/v2\/pages\/165\/revisions\/489"}],"wp:attachment":[{"href":"https:\/\/irscl2025salamanca.usal.es\/es\/wp-json\/wp\/v2\/media?parent=165"}],"curies":[{"name":"wp","href":"https:\/\/api.w.org\/{rel}","templated":true}]}}