	{"id":6,"date":"2017-03-15T11:29:11","date_gmt":"2017-03-15T11:29:11","guid":{"rendered":"http:\/\/sal.default.usal.es\/?page_id=2"},"modified":"2025-05-20T09:05:34","modified_gmt":"2025-05-20T09:05:34","slug":"pagina-ejemplo-2","status":"publish","type":"page","link":"https:\/\/irscl2025salamanca.usal.es\/es\/","title":{"rendered":"27 IRSCL"},"content":{"rendered":"<span style=\"color: #de1414;\"><strong><span style=\"font-size: 24pt;\">Fronteras, migraci\u00f3n y liminalidad en la literatura infantil<\/span><\/strong><\/span><\/p>\n<p><span style=\"font-size: 14pt; color: #000000;\">El 27\u00ba Congreso Bienal de la Asociaci\u00f3n Internacional de Investigaci\u00f3n de Literatura Infantil y Juvenil (IRSCL), organizado por Izaskun Elorza (Grupo de Investigaci\u00f3n LINDES, Universidad de Salamanca) y Carmen Santamar\u00eda-Garc\u00eda (Universidad de Alcal\u00e1), tendr\u00e1 lugar del<span style=\"color: #de1414;\"> <strong>21 al 25 de junio de 2025<\/strong><\/span> en la Universidad de Salamanca (Espa\u00f1a).<\/span><\/p>\n<p><span style=\"font-size: 14pt; color: #000000;\">El tema del 27\u00ba Congreso Bienal de la IRSCL se centra en las fronteras, la migraci\u00f3n y la liminalidad en la literatura infantil. Las fronteras pueden actuar como l\u00edmites geogr\u00e1ficos que imponen limitaciones en la interacci\u00f3n con el entorno o como barreras pol\u00edticas que limitan la libre circulaci\u00f3n y que pueden dar lugar a experiencias duras o traum\u00e1ticas. Sin embargo, los territorios fronterizos pueden convertirse en tierras maravillosas, en ricos espacios de liminalidad, donde los l\u00edmites son negociables y las identidades se difuminan, transitan o se reciclan.<\/span><\/p>\n<p><span style=\"font-size: 14pt; color: #000000;\">Las fronteras y la liminalidad aparecen en la literatura infantil de diversas formas, como en el caso de los umbrales entre lenguas y g\u00e9neros diferentes, narrativas &#8216;crossover&#8217;, los periodos de transici\u00f3n de la infancia a la edad adulta o la difusa frontera entre lo humano y lo m\u00e1s-que-humano.<\/span><\/p>\n<p><span style=\"font-size: 14pt; color: #000000;\">Las fronteras pueden poner l\u00edmites a la libertad de circulaci\u00f3n por razones territoriales y pol\u00edticas. Debemos reconocer una amplia variedad de fronteras, como las geogr\u00e1ficas, jur\u00eddicas, ling\u00fc\u00edsticas, econ\u00f3micas o culturales, y la aparici\u00f3n de nuevos tipos de fronteras, junto con los cambios y obst\u00e1culos que conllevan. Los desencadenantes de las migraciones humanas pueden ser muy diversos, desde la huida de conflictos hasta la b\u00fasqueda de nuevas oportunidades. En el Antropoceno, el crecimiento econ\u00f3mico fuerza el desplazamiento humano y desaf\u00eda a los ecosistemas, lo que lleva a la necesidad de una adaptaci\u00f3n continua, tanto de los seres humanos como de otras especies.<\/span><\/p>\n<p><span style=\"font-size: 14pt; color: #000000;\">El tema del congreso pretende estimular el debate sobre estos temas. Invitamos a presentar propuestas que aborden la representaci\u00f3n, producci\u00f3n y\/o recepci\u00f3n de la migraci\u00f3n, las fronteras y la liminalidad en diferentes g\u00e9neros (cuentos de hadas, fantas\u00eda, novelas, poes\u00eda, biograf\u00edas, ficci\u00f3n) y formatos de literatura infantil (\u00e1lbumes ilustrados, novelas gr\u00e1ficas, narrativas digitales, pel\u00edculas, libros). Fomentamos los enfoques que incluyan, entre otros, ecocr\u00edtica, posthumanismo, materialidad, est\u00e9tica, multimodalidad, an\u00e1lisis del discurso, an\u00e1lisis cr\u00edtico del contenido, equidad, diversidad y justicia social. Los posibles temas incluyen, pero no se limitan a, los que se enumeran a continuaci\u00f3n:<\/span><\/p>\n<p><span style=\"font-size: 14pt; color: #000000;\"><em>\u2014 Enfoques decoloniales, poscoloniales y anticoloniales<\/em><\/span><\/p>\n<p><span style=\"font-size: 14pt; color: #000000;\"><em>\u2014 Fronteras de la infancia y narraciones de transici\u00f3n entre edades<\/em><\/span><\/p>\n<p><span style=\"font-size: 14pt; color: #000000;\"><em>\u2014 Viajes migratorios humanos y m\u00e1s-que-humanos<\/em><\/span><\/p>\n<p><span style=\"font-size: 14pt; color: #000000;\"><em>\u2014 Espacios on\u00edricos, ef\u00edmeros y transitorios<\/em><\/span><\/p>\n<p><span style=\"font-size: 14pt; color: #000000;\"><em>\u2014 Impactos del Antropoceno, Capitaloceno, Chthuluceno <\/em><\/span><\/p>\n<p><span style=\"font-size: 14pt; color: #000000;\"><em>\u2014 Transformaci\u00f3n, transgresiones y superaci\u00f3n de umbrales<\/em><\/span><\/p>\n<p><span style=\"font-size: 14pt; color: #000000;\"><em>\u2014 Desplazamiento forzoso y regreso forzoso<\/em><\/span><\/p>\n<p><span style=\"font-size: 14pt; color: #000000;\"><em>\u2014 Emigraci\u00f3n, di\u00e1sporas y pertenencia<\/em><\/span><\/p>\n<p><span style=\"font-size: 14pt; color: #000000;\"><em>\u2014 Fronteras entre lenguas y dialectos, incluyendo el transling\u00fcismo<\/em><\/span><\/p>\n<p><span style=\"font-size: 14pt; color: #000000;\"><em>\u2014 Humanos, ciborgs e h\u00edbridos<\/em><\/span><\/p>\n<p><span style=\"font-size: 14pt; color: #000000;\"><em>\u2014 Identidades de g\u00e9nero<\/em><\/span><\/p>\n<p><span style=\"font-size: 14pt; color: #000000;\"><em>\u2014 Tercer espacio y otras dimensiones liminales<\/em><\/span><\/p>\n<p><span style=\"font-size: 14pt; color: #000000;\"><em>\u2014 Las redes como agentes de cambio y transformaci\u00f3n<\/em><\/span><\/p>\n<p>&nbsp;<\/p>\n<p><span style=\"text-decoration: underline; font-size: 14pt; color: #000000;\"><strong>FECHAS IMPORTANTES:<\/strong><\/span><\/p>\n<p><span style=\"font-size: 14pt; color: #000000;\">&#8211; <strong>Desde el 15 de<\/strong> <strong>mayo<\/strong><strong> hasta el <del>15 de septiembre<\/del> <span style=\"color: #ff0000;\">fecha extendida al 30 de septiembre de 2024<\/span><\/strong>: Periodo de presentaci\u00f3n de propuestas individuales, paneles tem\u00e1ticos y eventos especiales.<\/span><\/p>\n<p><span style=\"font-size: 14pt; color: #000000;\">&#8211; <strong>Diciembre<\/strong> <strong>de<\/strong> <strong>2024<\/strong>: Comunicaci\u00f3n de aceptaci\u00f3n\/rechazo de propuestas.<\/span><\/p>\n<p>&nbsp;<\/p>\n<p><span style=\"text-decoration: underline; font-size: 14pt; color: #000000;\"><strong>LENGUAS DEL CONGRESO:<\/strong><\/span><\/p>\n<p><span style=\"font-size: 14pt; color: #000000;\">Las contribuciones al congreso se pueden presentar en <strong>ingl\u00e9s\u00a0<\/strong>y en <strong>espa\u00f1ol<\/strong>.<\/span><\/p>\n<p>&nbsp;<\/p>\n<p><span style=\"font-size: 14pt; color: #000000;\"><span style=\"text-decoration: underline;\"><strong>ACTUALIZACIONES<\/strong><\/span>:<\/span><\/p>\n<p><span style=\"font-size: 14pt; color: #000000;\">\u00a0S\u00edguenos en la p\u00e1gina web del congreso y en las redes sociales para estar al d\u00eda.<\/span><\/p>\n<p><span style=\"font-size: 14pt; color: #000000;\">P\u00e1gina web: https:\/\/irscl2025salamanca.usal.es\/<\/span><\/p>\n<p><span style=\"font-size: 14pt; color: #000000;\">Redes sociales: @irscl2025_usal<\/span><\/p>\n<p><span style=\"font-size: 14pt; color: #000000;\">Contacto: irscl2025@usal.es\u00a0<\/span><\/p>\n<p><span style=\"font-size: 14pt; color: #000000;\">\u00a1\u00a1Nos vemos en Salamanca!!<\/span><\/p>\n<p>&nbsp;<\/p>\n<div class=\"entry-content\">\n<p><span style=\"font-size: 14pt; color: #000000;\"><strong>Coorganizadoras:<\/strong> Izaskun Elorza (Universidad de Salamanca) and Carmen Santamar\u00eda-Garc\u00eda (Universidad de Alcal\u00e1)<\/span><\/p>\n<\/div>\n<p>&nbsp;<\/p>\n<p><em>Actualizado el 12 de septiembre de 2024<\/em>","protected":false},"excerpt":{"rendered":"<p>Fronteras, migraci\u00f3n y liminalidad en la literatura infantil El 27\u00ba Congreso Bienal de la Asociaci\u00f3n Internacional de Investigaci\u00f3n de Literatura Infantil y Juvenil (IRSCL), organizado por Izaskun Elorza (Grupo de Investigaci\u00f3n LINDES, Universidad de Salamanca) y Carmen Santamar\u00eda-Garc\u00eda (Universidad de Alcal\u00e1), tendr\u00e1 lugar del 21 al 25 de junio de 2025 en la Universidad de <a class=\"read-more\" href=\"https:\/\/irscl2025salamanca.usal.es\/es\/\">Leer m&aacute;s<\/a><\/p>\n","protected":false},"author":1,"featured_media":0,"parent":0,"menu_order":0,"comment_status":"closed","ping_status":"open","template":"","meta":{"footnotes":""},"class_list":["post-6","page","type-page","status-publish","hentry"],"aioseo_notices":[],"_links":{"self":[{"href":"https:\/\/irscl2025salamanca.usal.es\/es\/wp-json\/wp\/v2\/pages\/6","targetHints":{"allow":["GET"]}}],"collection":[{"href":"https:\/\/irscl2025salamanca.usal.es\/es\/wp-json\/wp\/v2\/pages"}],"about":[{"href":"https:\/\/irscl2025salamanca.usal.es\/es\/wp-json\/wp\/v2\/types\/page"}],"author":[{"embeddable":true,"href":"https:\/\/irscl2025salamanca.usal.es\/es\/wp-json\/wp\/v2\/users\/1"}],"replies":[{"embeddable":true,"href":"https:\/\/irscl2025salamanca.usal.es\/es\/wp-json\/wp\/v2\/comments?post=6"}],"version-history":[{"count":42,"href":"https:\/\/irscl2025salamanca.usal.es\/es\/wp-json\/wp\/v2\/pages\/6\/revisions"}],"predecessor-version":[{"id":498,"href":"https:\/\/irscl2025salamanca.usal.es\/es\/wp-json\/wp\/v2\/pages\/6\/revisions\/498"}],"wp:attachment":[{"href":"https:\/\/irscl2025salamanca.usal.es\/es\/wp-json\/wp\/v2\/media?parent=6"}],"curies":[{"name":"wp","href":"https:\/\/api.w.org\/{rel}","templated":true}]}}